{"id":510,"date":"2020-11-11T06:08:08","date_gmt":"2020-11-11T06:08:08","guid":{"rendered":"https:\/\/comercialcobalto.cl\/contact\/"},"modified":"2025-10-30T05:19:41","modified_gmt":"2025-10-30T04:19:41","slug":"contact","status":"publish","type":"page","link":"https:\/\/www.comercialcobalto.cl\/?page_id=510","title":{"rendered":"Contact"},"content":{"rendered":"\n\n\t<h1>\n\t\t\t\tHablemos&#8230;\n\t\t\t<\/h1>\n\t\t\t<p>\u00bfBuscas uniformes para tu equipo o renovar tu estilo? Estamos aqu\u00ed para ayudarte con cotizaciones, dise\u00f1os personalizados o cualquier consulta sobre nuestras prendas. Completa el formulario y un asesor se pondr\u00e1 en contacto contigo.<\/p>\t\n\t<ul>\n\t\t<li>\t\t\t\t\n\t\t<h6>Fono\/WhatsApp<\/h6><p>+56 9 9659 6422<\/p><\/li><li>\t\t\t\t\n\t\t<h6>Email <\/h6><p>contacto@comercialcobalto.cl<\/p><\/li>\t<\/ul>\n\t<h6>\n\t\t\t\tSiguenos en,&#8230;\n\t\t\t<\/h6>\n\t<div class=\"wpforms-container \" id=\"wpforms-38\"><form id=\"wpforms-form-38\" class=\"wpforms-validate wpforms-form\" data-formid=\"38\" method=\"post\" enctype=\"multipart\/form-data\" action=\"\/index.php?rest_route=%2Fwp%2Fv2%2Fpages%2F510\" data-token=\"7d982d7a0afab24c4e46afceedecb927\" data-token-time=\"1778699597\"><noscript class=\"wpforms-error-noscript\">Por favor, activa JavaScript en tu navegador para completar este formulario.<\/noscript><div class=\"wpforms-field-container\"><div id=\"wpforms-38-field_0-container\" class=\"wpforms-field wpforms-field-name\" data-field-id=\"0\"><label class=\"wpforms-field-label\" for=\"wpforms-38-field_0\">Nombre <span class=\"wpforms-required-label\">*<\/span><\/label><input type=\"text\" id=\"wpforms-38-field_0\" class=\"wpforms-field-large wpforms-field-required\" name=\"wpforms[fields][0]\" required><\/div>\t\t<div id=\"wpforms-38-field_3-container\"\n\t\t\tclass=\"wpforms-field wpforms-field-text\"\n\t\t\tdata-field-type=\"text\"\n\t\t\tdata-field-id=\"3\"\n\t\t\t>\n\t\t\t<label class=\"wpforms-field-label\" for=\"wpforms-38-field_3\" >Asunto Email Mensaje<\/label>\n\t\t\t<input type=\"text\" id=\"wpforms-38-field_3\" class=\"wpforms-field-medium\" name=\"wpforms[fields][3]\" >\n\t\t<\/div>\n\t\t<div id=\"wpforms-38-field_1-container\" class=\"wpforms-field wpforms-field-email\" data-field-id=\"1\"><label class=\"wpforms-field-label\" for=\"wpforms-38-field_1\">Email <span class=\"wpforms-required-label\">*<\/span><\/label><input type=\"email\" id=\"wpforms-38-field_1\" class=\"wpforms-field-large wpforms-field-required\" name=\"wpforms[fields][1]\" spellcheck=\"false\" required><\/div><div id=\"wpforms-38-field_4-container\" class=\"wpforms-field wpforms-field-text\" data-field-id=\"4\"><label class=\"wpforms-field-label\" for=\"wpforms-38-field_4\">Asunto <span class=\"wpforms-required-label\">*<\/span><\/label><input type=\"text\" id=\"wpforms-38-field_4\" class=\"wpforms-field-large wpforms-field-required\" name=\"wpforms[fields][4]\" required><\/div><div id=\"wpforms-38-field_2-container\" class=\"wpforms-field wpforms-field-textarea\" data-field-id=\"2\"><label class=\"wpforms-field-label\" for=\"wpforms-38-field_2\">Mensaje <span class=\"wpforms-required-label\">*<\/span><\/label><textarea id=\"wpforms-38-field_2\" class=\"wpforms-field-medium wpforms-field-required\" name=\"wpforms[fields][2]\" required><\/textarea><\/div><script>\n\t\t\t\t( function() {\n\t\t\t\t\tconst style = document.createElement( 'style' );\n\t\t\t\t\tstyle.appendChild( document.createTextNode( '#wpforms-38-field_3-container { position: absolute !important; overflow: hidden !important; display: inline !important; height: 1px !important; width: 1px !important; z-index: -1000 !important; padding: 0 !important; } #wpforms-38-field_3-container input { visibility: hidden; } #wpforms-conversational-form-page #wpforms-38-field_3-container label { counter-increment: none; }' ) );\n\t\t\t\t\tdocument.head.appendChild( style );\n\t\t\t\t\tdocument.currentScript?.remove();\n\t\t\t\t} )();\n\t\t\t<\/script><\/div><!-- .wpforms-field-container --><div class=\"wpforms-submit-container\" ><input type=\"hidden\" name=\"wpforms[id]\" value=\"38\"><input type=\"hidden\" name=\"page_title\" value=\"\"><input type=\"hidden\" name=\"page_url\" value=\"https:\/\/www.comercialcobalto.cl\/index.php?rest_route=\/wp\/v2\/pages\/510\"><input type=\"hidden\" name=\"url_referer\" value=\"\"><button type=\"submit\" name=\"wpforms[submit]\" id=\"wpforms-submit-38\" class=\"wpforms-submit\" data-alt-text=\"Sending...\" data-submit-text=\"Enviar.\" aria-live=\"assertive\" value=\"wpforms-submit\">Enviar.<\/button><\/div><\/form><\/div>  <!-- .wpforms-container -->\n\n","protected":false},"excerpt":{"rendered":"<p>Hablemos&#8230; \u00bfBuscas uniformes para tu equipo o renovar tu estilo? Estamos aqu\u00ed para ayudarte con cotizaciones, dise\u00f1os personalizados o cualquier consulta sobre nuestras prendas. Completa el formulario y un asesor se pondr\u00e1 en contacto contigo. Fono\/WhatsApp +56 9 9659 6422 Email contacto@comercialcobalto.cl Siguenos en,&#8230;<\/p>\n","protected":false},"author":1,"featured_media":0,"parent":0,"menu_order":0,"comment_status":"closed","ping_status":"closed","template":"","meta":{"site-sidebar-layout":"no-sidebar","site-content-layout":"page-builder","ast-main-header-display":"","ast-hfb-above-header-display":"","ast-hfb-below-header-display":"","ast-hfb-mobile-header-display":"","site-post-title":"disabled","ast-breadcrumbs-content":"","ast-featured-img":"disabled","footer-sml-layout":"","theme-transparent-header-meta":"enabled","adv-header-id-meta":"","stick-header-meta":"","header-above-stick-meta":"","header-main-stick-meta":"","header-below-stick-meta":"","footnotes":""},"class_list":["post-510","page","type-page","status-publish","hentry"],"_links":{"self":[{"href":"https:\/\/www.comercialcobalto.cl\/index.php?rest_route=\/wp\/v2\/pages\/510","targetHints":{"allow":["GET"]}}],"collection":[{"href":"https:\/\/www.comercialcobalto.cl\/index.php?rest_route=\/wp\/v2\/pages"}],"about":[{"href":"https:\/\/www.comercialcobalto.cl\/index.php?rest_route=\/wp\/v2\/types\/page"}],"author":[{"embeddable":true,"href":"https:\/\/www.comercialcobalto.cl\/index.php?rest_route=\/wp\/v2\/users\/1"}],"replies":[{"embeddable":true,"href":"https:\/\/www.comercialcobalto.cl\/index.php?rest_route=%2Fwp%2Fv2%2Fcomments&post=510"}],"version-history":[{"count":0,"href":"https:\/\/www.comercialcobalto.cl\/index.php?rest_route=\/wp\/v2\/pages\/510\/revisions"}],"wp:attachment":[{"href":"https:\/\/www.comercialcobalto.cl\/index.php?rest_route=%2Fwp%2Fv2%2Fmedia&parent=510"}],"curies":[{"name":"wp","href":"https:\/\/api.w.org\/{rel}","templated":true}]}}