{"id":512,"date":"2020-11-11T06:08:28","date_gmt":"2020-11-11T06:08:28","guid":{"rendered":"https:\/\/comercialcobalto.cl\/home\/"},"modified":"2025-11-05T07:48:32","modified_gmt":"2025-11-05T06:48:32","slug":"home","status":"publish","type":"page","link":"https:\/\/www.comercialcobalto.cl\/","title":{"rendered":"Comercial Cobalto &#8211; Ropa Corporativa en Chile, Ropa Corporativa con logo."},"content":{"rendered":"\n\n\t<h1>\n\t\t\t\tTu imagen, nuestra tela.\n\t\t\t<\/h1>\n\t<p>Uniformamos confianza, estilo y calidad<\/p>\n\t\t\t<a href=\"https:\/\/www.comercialcobalto.cl\/?post_type=product\" target=\"_self\"   role=\"button\" aria-label=\"Cotiza ahora\">\n\t\t\t\t\t\t\tCotiza ahora\n\t\t<\/a>\n\t\t\t\t<img decoding=\"async\" src=\"https:\/\/www.comercialcobalto.cl\/wp-content\/uploads\/2025\/10\/c2ca3eaf-07cb-46fc-8909-5204837c5637.png\" alt=\"c2ca3eaf-07cb-46fc-8909-5204837c5637\" itemprop=\"image\" height=\"1024\" width=\"1024\" title=\"c2ca3eaf-07cb-46fc-8909-5204837c5637\" onerror=\"this.style.display='none'\"  \/>\n\t<blockquote data-start=\"201\" data-end=\"289\">\n\n<\/blockquote>\n\n\t\t\t<a href=\"https:\/\/www.comercialcobalto.cl\/?post_type=product\" target=\"_self\"   role=\"button\" aria-label=\"Ver modelos disponibles\">\n\t\t\t\t\t\t\tVer modelos disponibles\n\t\t<\/a>\n\t\t\t\t<img decoding=\"async\" src=\"https:\/\/comercialcobalto.cl\/wp-content\/uploads\/2025\/10\/cobalto2.png\" alt=\"cobalto2\" title=\"cobalto2\" itemprop=\"image\"\/>\n\t<h2>\n\t\t\t\tUniformes de trabajo que proyectan profesionalismo\n\t\t\t<\/h2>\n\t\t\t<p><strong data-start=\"208\" data-end=\"264\">Viste a tu equipo con identidad, comodidad y estilo.<\/strong><br data-start=\"264\" data-end=\"267\" \/>En <strong data-start=\"270\" data-end=\"291\">Comercial Cobalto<\/strong> dise\u00f1amos uniformes resistentes, funcionales y personalizados para cada rubro. Porque un buen uniforme no solo protege: <strong data-start=\"412\" data-end=\"434\">habla por tu marca<\/strong>.<\/p>\t\n\t<ul>\n\t\t<li>\t\t\t\t\n\t\t<h3><\/h3><p>Duraderos<\/p><\/li><li>\t\t\t\t\n\t\t<h3><\/h3><p>C\u00f3modos.<\/p><\/li>\t<\/ul>\n\t<ul>\n\t\t<li>\t\t\t\t\n\t\t<h3><\/h3><p>Personalizables<\/p><\/li><li>\t\t\t\t\n\t\t<h3><\/h3><p>Vers\u00e1tiles<\/p><\/li>\t<\/ul>\n\t\t\t<a href=\"https:\/\/www.comercialcobalto.cl\/?post_type=product\" target=\"_self\"   role=\"button\" aria-label=\"Cotizar\">\n\t\t\t\t\t\t\tCotizar\n\t\t<\/a>\n\t<h6>\n\t\t\t\tTestimonial\n\t\t\t<\/h6>\n\t\t\t\n\t<h2>\n\t\t\t\tLo dicen quienes conf\u00edan en nosotros&#8230;\n\t\t\t<\/h2>\n\t\t\t\t<img decoding=\"async\" src=\"https:\/\/www.comercialcobalto.cl\/wp-content\/uploads\/2025\/10\/testcobalto-150x150.png\" alt=\"testcobalto\" title=\"testcobalto\" itemprop=\"image\"\/>\n\t<article dir=\"auto\" tabindex=\"-1\" data-turn-id=\"5d52ee8c-ed3f-4565-9ec2-54f694c678fe\" data-testid=\"conversation-turn-2\" data-scroll-anchor=\"true\" data-turn=\"assistant\">\n\u00abEl trabajo de Noelia es \u00f3ptimo y de gran calidad. Adem\u00e1s, cumple siempre en tiempo y forma, logrando resultados excepcionales incluso en plazos cortos. Sin duda, es el mejor aliado en marketing.\u00bb\n<\/article>\n\t<h6>\n\t\t\t\tMarcelo P\u00e9rez\n\t\t\t<\/h6>\n\t\t\t\t\n\t\t\t\t<img decoding=\"async\" src=\"https:\/\/www.comercialcobalto.cl\/wp-content\/uploads\/2025\/10\/photo_4906736682846063390_y.jpg\" alt=\"photo_4906736682846063390_y\" title=\"photo_4906736682846063390_y\" itemprop=\"image\"\/>\n\t<article dir=\"auto\" tabindex=\"-1\" data-turn-id=\"request-WEB:b3e81833-573f-47c9-9671-1a179d2ba659-1\" data-testid=\"conversation-turn-4\" data-scroll-anchor=\"true\" data-turn=\"assistant\">\nPara CANCLAN era fundamental que el equipo de paseadores de perritos contara con un uniforme de calidad, resistente e impermeable, ideal para las condiciones del sur de Chile.\n<\/article>\n\t<h6>\n\t\t\t\tSandra Moraga\n\t\t\t<\/h6>\n\t\t\t<p>Directora de CANCLAN<\/p>\t\n\t\t\t\t<img decoding=\"async\" src=\"https:\/\/www.comercialcobalto.cl\/wp-content\/uploads\/2025\/11\/petroflex.png\" alt=\"petroflex\" title=\"petroflex\" itemprop=\"image\"\/>\n\t<article dir=\"auto\" tabindex=\"-1\" data-turn-id=\"65526d76-5b78-41ba-bc44-33ba0e0432f2\" data-testid=\"conversation-turn-2\" data-scroll-anchor=\"true\" data-turn=\"assistant\">\nNuestra experiencia con COBALTO ha sido muy satisfactoria: sus uniformes cumplen con la calidad esperada, ofrecen opciones adecuadas para distintas necesidades y destacan por su comunicaci\u00f3n clara, atenci\u00f3n oportuna y puntualidad en las entregas. Es un proveedor confiable y f\u00e1cil de trabajar, una excelente opci\u00f3n en el mercado.\n<\/article>\n\t<h6>\n\t\t\t\tHans Schwarzenberg\n\t\t\t<\/h6>\n\t\t\t<p>Gerente General Petroflex<\/p>\t\n\t\t\t\t<img decoding=\"async\" src=\"https:\/\/www.comercialcobalto.cl\/wp-content\/uploads\/2025\/11\/lainez.png\" alt=\"lainez\" title=\"lainez\" itemprop=\"image\"\/>\n\t<p>En Comercial Cobalto encontramos un excelente proveedor. Buena asesor\u00eda, productos de calidad, cumple con los tiempos, lo recomiendo.<\/p>\n\t<h6>\n\t\t\t\tPaula Lainez\n\t\t\t<\/h6>\n\t\t\t<p>Gerente restaurant T\u00edo Manolo<\/p>\t\n<h1>\n\t\tEstamos en Medios.\n\t<\/h1>\n\t\t\t\t<img decoding=\"async\" src=\"https:\/\/www.comercialcobalto.cl\/wp-content\/uploads\/2025\/10\/conq.png\" alt=\"conq\" itemprop=\"image\" height=\"182\" width=\"519\" title=\"conq\" onerror=\"this.style.display='none'\"  \/>\n\t<iframe width=\"100%\" height=\"300\" scrolling=\"no\" frameborder=\"no\" allow=\"autoplay\" src=\"https:\/\/w.soundcloud.com\/player\/?url=https%3A\/\/api.soundcloud.com\/tracks\/soundcloud%253Atracks%253A2202034663&#038;color=%230066cc&#038;auto_play=false&#038;hide_related=false&#038;show_comments=true&#038;show_user=true&#038;show_reposts=false&#038;show_teaser=true&#038;visual=true\"><\/iframe><a href=\"https:\/\/soundcloud.com\/mediauw\" title=\"MediaUW\" target=\"_blank\">MediaUW<\/a> \u00b7 <a href=\"https:\/\/soundcloud.com\/mediauw\/aud-20251028-wa0049\" title=\"Radio El Conquistador.\" target=\"_blank\">Radio El Conquistador.<\/a>\n\t<h2>\n\t\t\t\tViste tu marca con profesionalismo y estilo\n\t\t\t<\/h2>\n\t\t\t<p>Tu equipo merece uniformes que transmitan <strong data-start=\"251\" data-end=\"285\">confianza, identidad y calidad<\/strong>.<br data-start=\"286\" data-end=\"289\" \/>En <strong data-start=\"292\" data-end=\"313\">Comercial Cobalto<\/strong>, te ayudamos a crear la <strong data-start=\"338\" data-end=\"357\">imagen perfecta<\/strong> para tu empresa, con prendas duraderas y personalizadas que marcan la diferencia.<\/p>\t\n\t\t\t<a href=\"https:\/\/www.comercialcobalto.cl\/?post_type=product\" target=\"_self\"   role=\"button\" aria-label=\"Cotiza ahora\">\n\t\t\t\t\t\t\tCotiza ahora\n\t\t<\/a>\n\n","protected":false},"excerpt":{"rendered":"<p>Tu imagen, nuestra tela. Uniformamos confianza, estilo y calidad Cotiza ahora Ver modelos disponibles Uniformes de trabajo que proyectan profesionalismo Viste a tu equipo con identidad, comodidad y estilo.En Comercial Cobalto dise\u00f1amos uniformes resistentes, funcionales y personalizados para cada rubro. Porque un buen uniforme no solo protege: habla por tu marca. Duraderos C\u00f3modos. Personalizables Vers\u00e1tiles &hellip;<\/p>\n<p class=\"read-more\"> <a class=\"\" href=\"https:\/\/www.comercialcobalto.cl\/\"> <span class=\"screen-reader-text\">Comercial Cobalto &#8211; Ropa Corporativa en Chile, Ropa Corporativa con logo.<\/span> Leer m\u00e1s &raquo;<\/a><\/p>\n","protected":false},"author":1,"featured_media":0,"parent":0,"menu_order":0,"comment_status":"closed","ping_status":"closed","template":"","meta":{"site-sidebar-layout":"no-sidebar","site-content-layout":"page-builder","ast-main-header-display":"","ast-hfb-above-header-display":"","ast-hfb-below-header-display":"","ast-hfb-mobile-header-display":"","site-post-title":"disabled","ast-breadcrumbs-content":"","ast-featured-img":"disabled","footer-sml-layout":"","theme-transparent-header-meta":"enabled","adv-header-id-meta":"","stick-header-meta":"","header-above-stick-meta":"","header-main-stick-meta":"","header-below-stick-meta":"","footnotes":""},"class_list":["post-512","page","type-page","status-publish","hentry"],"_links":{"self":[{"href":"https:\/\/www.comercialcobalto.cl\/index.php?rest_route=\/wp\/v2\/pages\/512","targetHints":{"allow":["GET"]}}],"collection":[{"href":"https:\/\/www.comercialcobalto.cl\/index.php?rest_route=\/wp\/v2\/pages"}],"about":[{"href":"https:\/\/www.comercialcobalto.cl\/index.php?rest_route=\/wp\/v2\/types\/page"}],"author":[{"embeddable":true,"href":"https:\/\/www.comercialcobalto.cl\/index.php?rest_route=\/wp\/v2\/users\/1"}],"replies":[{"embeddable":true,"href":"https:\/\/www.comercialcobalto.cl\/index.php?rest_route=%2Fwp%2Fv2%2Fcomments&post=512"}],"version-history":[{"count":1,"href":"https:\/\/www.comercialcobalto.cl\/index.php?rest_route=\/wp\/v2\/pages\/512\/revisions"}],"predecessor-version":[{"id":874,"href":"https:\/\/www.comercialcobalto.cl\/index.php?rest_route=\/wp\/v2\/pages\/512\/revisions\/874"}],"wp:attachment":[{"href":"https:\/\/www.comercialcobalto.cl\/index.php?rest_route=%2Fwp%2Fv2%2Fmedia&parent=512"}],"curies":[{"name":"wp","href":"https:\/\/api.w.org\/{rel}","templated":true}]}}